{"id":34,"date":"2024-06-20T13:25:49","date_gmt":"2024-06-20T13:25:49","guid":{"rendered":"https:\/\/fidalgasdesantar.pt\/?page_id=34"},"modified":"2026-04-13T13:21:44","modified_gmt":"2026-04-13T13:21:44","slug":"contactos","status":"publish","type":"page","link":"https:\/\/fidalgasdesantar.pt\/en\/contactos\/","title":{"rendered":"Contacts"},"content":{"rendered":"<p><strong>Address<br \/>\n<\/strong><a href=\"https:\/\/maps.app.goo.gl\/Gh5ZdAeAWyC5ux1N8\" target=\"_blank\" rel=\"noopener\">Rua Vale Moledo 3, 3520-111 Casal-Sancho<\/a><\/p>\n<p><strong>Contacts<br \/>\n<\/strong>Email: <a href=\"mailto:geral@fidalgasdesantar.pt\" target=\"_blank\" rel=\"noopener\">geral@fidalgasdesantar.pt<\/a><br \/>\nTel: <a href=\"tel:+351232945071\" target=\"_blank\" rel=\"noopener\">(+351) 232 945 071<\/a><br \/>\nCost of a call to a national landline.<br \/>\n<strong><br \/>\nSchedule<br \/>\n<\/strong>Monday to Saturday from 9:00 a.m. to 6:00 p.m.<\/p>\n<p class=\"company__name\"><strong>Denomina\u00e7\u00e3o Social: Vinassantar &#8211; Sociedade Agricola, Lda<br \/>\n<\/strong><strong>NIF: 509929583<\/strong><\/p>","protected":false},"excerpt":{"rendered":"<p>Morada Rua Vale Moledo 3, 3520-111 Casal-Sancho Contactos Email: geral@fidalgasdesantar.pt Tel: (+351) 232 945 071 Custo da chamada para rede fixa\u00a0 nacional. Hor\u00e1rio Segunda-feira a S\u00e1bado das 09h00 \u00e0s 18h00 Denomina\u00e7\u00e3o Social: Vinassantar &#8211; Sociedade Agricola, Lda NIF: 509929583<\/p>","protected":false},"author":1,"featured_media":0,"parent":0,"menu_order":0,"comment_status":"closed","ping_status":"closed","template":"page-contactos.php","meta":{"_acf_changed":false,"footnotes":""},"class_list":["post-34","page","type-page","status-publish","hentry"],"acf":[],"yoast_head":"<!-- This site is optimized with the Yoast SEO plugin v26.8 - https:\/\/yoast.com\/product\/yoast-seo-wordpress\/ -->\n<title>Contactos - Fidalgas de Santar<\/title>\n<meta name=\"robots\" content=\"index, follow, max-snippet:-1, max-image-preview:large, max-video-preview:-1\" \/>\n<link rel=\"canonical\" href=\"https:\/\/fidalgasdesantar.pt\/en\/contactos\/\" \/>\n<meta property=\"og:locale\" content=\"en_GB\" \/>\n<meta property=\"og:type\" content=\"article\" \/>\n<meta property=\"og:title\" content=\"Contactos - Fidalgas de Santar\" \/>\n<meta property=\"og:description\" content=\"Morada Rua Vale Moledo 3, 3520-111 Casal-Sancho Contactos Email: geral@fidalgasdesantar.pt Tel: (+351) 232 945 071 Custo da chamada para rede fixa\u00a0 nacional. Hor\u00e1rio Segunda-feira a S\u00e1bado das 09h00 \u00e0s 18h00 Denomina\u00e7\u00e3o Social: Vinassantar &#8211; Sociedade Agricola, Lda NIF: 509929583\" \/>\n<meta property=\"og:url\" content=\"https:\/\/fidalgasdesantar.pt\/en\/contactos\/\" \/>\n<meta property=\"og:site_name\" content=\"Fidalgas de Santar\" \/>\n<meta property=\"article:modified_time\" content=\"2026-04-13T13:21:44+00:00\" \/>\n<meta name=\"twitter:card\" content=\"summary_large_image\" \/>\n<meta name=\"twitter:label1\" content=\"Estimated reading time\" \/>\n\t<meta name=\"twitter:data1\" content=\"1 minute\" \/>\n<script type=\"application\/ld+json\" class=\"yoast-schema-graph\">{\"@context\":\"https:\/\/schema.org\",\"@graph\":[{\"@type\":\"WebPage\",\"@id\":\"https:\/\/fidalgasdesantar.pt\/contactos\/\",\"url\":\"https:\/\/fidalgasdesantar.pt\/contactos\/\",\"name\":\"Contactos - Fidalgas de Santar\",\"isPartOf\":{\"@id\":\"https:\/\/fidalgasdesantar.pt\/#website\"},\"datePublished\":\"2024-06-20T13:25:49+00:00\",\"dateModified\":\"2026-04-13T13:21:44+00:00\",\"breadcrumb\":{\"@id\":\"https:\/\/fidalgasdesantar.pt\/contactos\/#breadcrumb\"},\"inLanguage\":\"en-GB\",\"potentialAction\":[{\"@type\":\"ReadAction\",\"target\":[\"https:\/\/fidalgasdesantar.pt\/contactos\/\"]}]},{\"@type\":\"BreadcrumbList\",\"@id\":\"https:\/\/fidalgasdesantar.pt\/contactos\/#breadcrumb\",\"itemListElement\":[{\"@type\":\"ListItem\",\"position\":1,\"name\":\"In\u00edcio\",\"item\":\"https:\/\/fidalgasdesantar.pt\/\"},{\"@type\":\"ListItem\",\"position\":2,\"name\":\"Contactos\"}]},{\"@type\":\"WebSite\",\"@id\":\"https:\/\/fidalgasdesantar.pt\/#website\",\"url\":\"https:\/\/fidalgasdesantar.pt\/\",\"name\":\"Fidalgas de Santar\",\"description\":\"Vinho\/Bebidas espirituosas\",\"publisher\":{\"@id\":\"https:\/\/fidalgasdesantar.pt\/#organization\"},\"potentialAction\":[{\"@type\":\"SearchAction\",\"target\":{\"@type\":\"EntryPoint\",\"urlTemplate\":\"https:\/\/fidalgasdesantar.pt\/?s={search_term_string}\"},\"query-input\":{\"@type\":\"PropertyValueSpecification\",\"valueRequired\":true,\"valueName\":\"search_term_string\"}}],\"inLanguage\":\"en-GB\"},{\"@type\":\"Organization\",\"@id\":\"https:\/\/fidalgasdesantar.pt\/#organization\",\"name\":\"Fidalgas de Santar\",\"url\":\"https:\/\/fidalgasdesantar.pt\/\",\"logo\":{\"@type\":\"ImageObject\",\"inLanguage\":\"en-GB\",\"@id\":\"https:\/\/fidalgasdesantar.pt\/#\/schema\/logo\/image\/\",\"url\":\"https:\/\/fidalgasdesantar.pt\/wp-content\/uploads\/2025\/12\/cropped-logo2.jpg\",\"contentUrl\":\"https:\/\/fidalgasdesantar.pt\/wp-content\/uploads\/2025\/12\/cropped-logo2.jpg\",\"width\":789,\"height\":664,\"caption\":\"Fidalgas de Santar\"},\"image\":{\"@id\":\"https:\/\/fidalgasdesantar.pt\/#\/schema\/logo\/image\/\"}}]}<\/script>\n<!-- \/ Yoast SEO plugin. -->","yoast_head_json":{"title":"Contactos - Fidalgas de Santar","robots":{"index":"index","follow":"follow","max-snippet":"max-snippet:-1","max-image-preview":"max-image-preview:large","max-video-preview":"max-video-preview:-1"},"canonical":"https:\/\/fidalgasdesantar.pt\/en\/contactos\/","og_locale":"en_GB","og_type":"article","og_title":"Contactos - Fidalgas de Santar","og_description":"Morada Rua Vale Moledo 3, 3520-111 Casal-Sancho Contactos Email: geral@fidalgasdesantar.pt Tel: (+351) 232 945 071 Custo da chamada para rede fixa\u00a0 nacional. Hor\u00e1rio Segunda-feira a S\u00e1bado das 09h00 \u00e0s 18h00 Denomina\u00e7\u00e3o Social: Vinassantar &#8211; Sociedade Agricola, Lda NIF: 509929583","og_url":"https:\/\/fidalgasdesantar.pt\/en\/contactos\/","og_site_name":"Fidalgas de Santar","article_modified_time":"2026-04-13T13:21:44+00:00","twitter_card":"summary_large_image","twitter_misc":{"Estimated reading time":"1 minute"},"schema":{"@context":"https:\/\/schema.org","@graph":[{"@type":"WebPage","@id":"https:\/\/fidalgasdesantar.pt\/contactos\/","url":"https:\/\/fidalgasdesantar.pt\/contactos\/","name":"Contactos - Fidalgas de Santar","isPartOf":{"@id":"https:\/\/fidalgasdesantar.pt\/#website"},"datePublished":"2024-06-20T13:25:49+00:00","dateModified":"2026-04-13T13:21:44+00:00","breadcrumb":{"@id":"https:\/\/fidalgasdesantar.pt\/contactos\/#breadcrumb"},"inLanguage":"en-GB","potentialAction":[{"@type":"ReadAction","target":["https:\/\/fidalgasdesantar.pt\/contactos\/"]}]},{"@type":"BreadcrumbList","@id":"https:\/\/fidalgasdesantar.pt\/contactos\/#breadcrumb","itemListElement":[{"@type":"ListItem","position":1,"name":"In\u00edcio","item":"https:\/\/fidalgasdesantar.pt\/"},{"@type":"ListItem","position":2,"name":"Contactos"}]},{"@type":"WebSite","@id":"https:\/\/fidalgasdesantar.pt\/#website","url":"https:\/\/fidalgasdesantar.pt\/","name":"Fidalgas de Santar","description":"Vinho\/Bebidas espirituosas","publisher":{"@id":"https:\/\/fidalgasdesantar.pt\/#organization"},"potentialAction":[{"@type":"SearchAction","target":{"@type":"EntryPoint","urlTemplate":"https:\/\/fidalgasdesantar.pt\/?s={search_term_string}"},"query-input":{"@type":"PropertyValueSpecification","valueRequired":true,"valueName":"search_term_string"}}],"inLanguage":"en-GB"},{"@type":"Organization","@id":"https:\/\/fidalgasdesantar.pt\/#organization","name":"Fidalgas de Santar","url":"https:\/\/fidalgasdesantar.pt\/","logo":{"@type":"ImageObject","inLanguage":"en-GB","@id":"https:\/\/fidalgasdesantar.pt\/#\/schema\/logo\/image\/","url":"https:\/\/fidalgasdesantar.pt\/wp-content\/uploads\/2025\/12\/cropped-logo2.jpg","contentUrl":"https:\/\/fidalgasdesantar.pt\/wp-content\/uploads\/2025\/12\/cropped-logo2.jpg","width":789,"height":664,"caption":"Fidalgas de Santar"},"image":{"@id":"https:\/\/fidalgasdesantar.pt\/#\/schema\/logo\/image\/"}}]}},"_links":{"self":[{"href":"https:\/\/fidalgasdesantar.pt\/en\/wp-json\/wp\/v2\/pages\/34","targetHints":{"allow":["GET"]}}],"collection":[{"href":"https:\/\/fidalgasdesantar.pt\/en\/wp-json\/wp\/v2\/pages"}],"about":[{"href":"https:\/\/fidalgasdesantar.pt\/en\/wp-json\/wp\/v2\/types\/page"}],"author":[{"embeddable":true,"href":"https:\/\/fidalgasdesantar.pt\/en\/wp-json\/wp\/v2\/users\/1"}],"replies":[{"embeddable":true,"href":"https:\/\/fidalgasdesantar.pt\/en\/wp-json\/wp\/v2\/comments?post=34"}],"version-history":[{"count":61,"href":"https:\/\/fidalgasdesantar.pt\/en\/wp-json\/wp\/v2\/pages\/34\/revisions"}],"predecessor-version":[{"id":8957,"href":"https:\/\/fidalgasdesantar.pt\/en\/wp-json\/wp\/v2\/pages\/34\/revisions\/8957"}],"wp:attachment":[{"href":"https:\/\/fidalgasdesantar.pt\/en\/wp-json\/wp\/v2\/media?parent=34"}],"curies":[{"name":"wp","href":"https:\/\/api.w.org\/{rel}","templated":true}]}}