{"id":8720,"date":"2025-12-23T11:52:04","date_gmt":"2025-12-23T11:52:04","guid":{"rendered":"https:\/\/fidalgasdesantar.pt\/?post_type=product&#038;p=8720"},"modified":"2026-04-09T15:46:51","modified_gmt":"2026-04-09T15:46:51","slug":"grande-reserva-tinto-2012","status":"publish","type":"product","link":"https:\/\/fidalgasdesantar.pt\/en\/product\/grande-reserva-tinto-2012\/","title":{"rendered":"Grande Reserva tinto 2012"},"content":{"rendered":"<p>Este vinho apresenta uma cor ruby intensa com subtis reflexos acastanhados. No aroma sobressaem notas de frutos do bosque, terra h\u00famica e ch\u00e3o de pinhal. Na boca revela-se guloso e macio, com um frutado s\u00f3brio, acidez refrescante e taninos suaves, terminando num final austero e equilibrado.<\/p>\n<p>Distinguido em v\u00e1rios concursos internacionais, conta com medalha de ouro no \u201cLa Selezione Del Sindaco\u201d (2017) e medalhas de prata no \u201cVinhos de Portugal\u201d (2017) e no \u201cConcours Mondial de Bruxelles\u201d (2017). Foi ainda destacado pela revista <em>Vinho Grandes Escolhas<\/em> com 17 pontos, na escolha de Lu\u00eds Antunes.<\/p>\n<p>Acompanha na perfei\u00e7\u00e3o pratos de carne vermelha, estufados ou grelhados, carnes de ca\u00e7a e queijos de estrutura firme. Deve ser servido entre 16\u00baC e 18\u00baC. As garrafas devem ser armazenadas na horizontal.<\/p>\n<p><strong>Teor alco\u00f3lico:<\/strong> 14% <strong>Acidez Total:<\/strong> 5,12 g\/l <strong>pH:<\/strong> 3,62<\/p>","protected":false},"excerpt":{"rendered":"<p>Vinho ruby intenso, com notas de frutos do bosque, terra e pinhal. Macio, fresco e de taninos suaves, termina num final austero e elegante. Medalhado internacionalmente e ideal para carnes vermelhas, ca\u00e7a e queijos estruturados.<\/p>\n<div><\/div>","protected":false},"featured_media":8949,"comment_status":"open","ping_status":"closed","template":"","meta":{"_acf_changed":false},"tax-castas":[150,151,152,153],"product_brand":[],"product_cat":[135,136,155],"product_tag":[],"class_list":{"0":"post-8720","1":"product","2":"type-product","3":"status-publish","4":"has-post-thumbnail","6":"tax-castas-touriga-nacional","7":"tax-castas-alfrocheiro","8":"tax-castas-jaen","9":"tax-castas-tinta-roriz","10":"product_cat-grande-reserva","11":"product_cat-136","12":"product_cat-vinhos","14":"first","15":"instock","16":"taxable","17":"shipping-taxable","18":"purchasable","19":"product-type-simple"},"acf":[],"yoast_head":"<!-- This site is optimized with the Yoast SEO plugin v26.8 - https:\/\/yoast.com\/product\/yoast-seo-wordpress\/ -->\n<title>Grande Reserva tinto 2012 - Fidalgas de Santar<\/title>\n<meta name=\"robots\" content=\"index, follow, max-snippet:-1, max-image-preview:large, max-video-preview:-1\" \/>\n<link rel=\"canonical\" href=\"https:\/\/fidalgasdesantar.pt\/en\/product\/grande-reserva-tinto-2012\/\" \/>\n<meta property=\"og:locale\" content=\"en_GB\" \/>\n<meta property=\"og:type\" content=\"article\" \/>\n<meta property=\"og:title\" content=\"Grande Reserva tinto 2012 - Fidalgas de Santar\" \/>\n<meta property=\"og:description\" content=\"Vinho ruby intenso, com notas de frutos do bosque, terra e pinhal. Macio, fresco e de taninos suaves, termina num final austero e elegante. Medalhado internacionalmente e ideal para carnes vermelhas, ca\u00e7a e queijos estruturados.\" \/>\n<meta property=\"og:url\" content=\"https:\/\/fidalgasdesantar.pt\/en\/product\/grande-reserva-tinto-2012\/\" \/>\n<meta property=\"og:site_name\" content=\"Fidalgas de Santar\" \/>\n<meta property=\"article:modified_time\" content=\"2026-04-09T15:46:51+00:00\" \/>\n<meta property=\"og:image\" content=\"https:\/\/fidalgasdesantar.pt\/wp-content\/uploads\/2025\/12\/Grande-Reserva-2012-1.png\" \/>\n\t<meta property=\"og:image:width\" content=\"1024\" \/>\n\t<meta property=\"og:image:height\" content=\"1536\" \/>\n\t<meta property=\"og:image:type\" content=\"image\/png\" \/>\n<meta name=\"twitter:card\" content=\"summary_large_image\" \/>\n<meta name=\"twitter:label1\" content=\"Estimated reading time\" \/>\n\t<meta name=\"twitter:data1\" content=\"1 minute\" \/>\n<script type=\"application\/ld+json\" class=\"yoast-schema-graph\">{\"@context\":\"https:\/\/schema.org\",\"@graph\":[{\"@type\":\"WebPage\",\"@id\":\"https:\/\/fidalgasdesantar.pt\/produto\/grande-reserva-tinto-2012\/\",\"url\":\"https:\/\/fidalgasdesantar.pt\/produto\/grande-reserva-tinto-2012\/\",\"name\":\"Grande Reserva tinto 2012 - Fidalgas de Santar\",\"isPartOf\":{\"@id\":\"https:\/\/fidalgasdesantar.pt\/#website\"},\"primaryImageOfPage\":{\"@id\":\"https:\/\/fidalgasdesantar.pt\/produto\/grande-reserva-tinto-2012\/#primaryimage\"},\"image\":{\"@id\":\"https:\/\/fidalgasdesantar.pt\/produto\/grande-reserva-tinto-2012\/#primaryimage\"},\"thumbnailUrl\":\"https:\/\/fidalgasdesantar.pt\/wp-content\/uploads\/2025\/12\/Grande-Reserva-2012-1.png\",\"datePublished\":\"2025-12-23T11:52:04+00:00\",\"dateModified\":\"2026-04-09T15:46:51+00:00\",\"breadcrumb\":{\"@id\":\"https:\/\/fidalgasdesantar.pt\/produto\/grande-reserva-tinto-2012\/#breadcrumb\"},\"inLanguage\":\"en-GB\",\"potentialAction\":[{\"@type\":\"ReadAction\",\"target\":[\"https:\/\/fidalgasdesantar.pt\/produto\/grande-reserva-tinto-2012\/\"]}]},{\"@type\":\"ImageObject\",\"inLanguage\":\"en-GB\",\"@id\":\"https:\/\/fidalgasdesantar.pt\/produto\/grande-reserva-tinto-2012\/#primaryimage\",\"url\":\"https:\/\/fidalgasdesantar.pt\/wp-content\/uploads\/2025\/12\/Grande-Reserva-2012-1.png\",\"contentUrl\":\"https:\/\/fidalgasdesantar.pt\/wp-content\/uploads\/2025\/12\/Grande-Reserva-2012-1.png\",\"width\":1024,\"height\":1536},{\"@type\":\"BreadcrumbList\",\"@id\":\"https:\/\/fidalgasdesantar.pt\/produto\/grande-reserva-tinto-2012\/#breadcrumb\",\"itemListElement\":[{\"@type\":\"ListItem\",\"position\":1,\"name\":\"In\u00edcio\",\"item\":\"https:\/\/fidalgasdesantar.pt\/\"},{\"@type\":\"ListItem\",\"position\":2,\"name\":\"Loja\",\"item\":\"https:\/\/fidalgasdesantar.pt\/loja\/\"},{\"@type\":\"ListItem\",\"position\":3,\"name\":\"Grande Reserva tinto 2012\"}]},{\"@type\":\"WebSite\",\"@id\":\"https:\/\/fidalgasdesantar.pt\/#website\",\"url\":\"https:\/\/fidalgasdesantar.pt\/\",\"name\":\"Fidalgas de Santar\",\"description\":\"Vinho\/Bebidas espirituosas\",\"publisher\":{\"@id\":\"https:\/\/fidalgasdesantar.pt\/#organization\"},\"potentialAction\":[{\"@type\":\"SearchAction\",\"target\":{\"@type\":\"EntryPoint\",\"urlTemplate\":\"https:\/\/fidalgasdesantar.pt\/?s={search_term_string}\"},\"query-input\":{\"@type\":\"PropertyValueSpecification\",\"valueRequired\":true,\"valueName\":\"search_term_string\"}}],\"inLanguage\":\"en-GB\"},{\"@type\":\"Organization\",\"@id\":\"https:\/\/fidalgasdesantar.pt\/#organization\",\"name\":\"Fidalgas de Santar\",\"url\":\"https:\/\/fidalgasdesantar.pt\/\",\"logo\":{\"@type\":\"ImageObject\",\"inLanguage\":\"en-GB\",\"@id\":\"https:\/\/fidalgasdesantar.pt\/#\/schema\/logo\/image\/\",\"url\":\"https:\/\/fidalgasdesantar.pt\/wp-content\/uploads\/2025\/12\/cropped-logo2.jpg\",\"contentUrl\":\"https:\/\/fidalgasdesantar.pt\/wp-content\/uploads\/2025\/12\/cropped-logo2.jpg\",\"width\":789,\"height\":664,\"caption\":\"Fidalgas de Santar\"},\"image\":{\"@id\":\"https:\/\/fidalgasdesantar.pt\/#\/schema\/logo\/image\/\"}}]}<\/script>\n<!-- \/ Yoast SEO plugin. -->","yoast_head_json":{"title":"Grande Reserva tinto 2012 - Fidalgas de Santar","robots":{"index":"index","follow":"follow","max-snippet":"max-snippet:-1","max-image-preview":"max-image-preview:large","max-video-preview":"max-video-preview:-1"},"canonical":"https:\/\/fidalgasdesantar.pt\/en\/product\/grande-reserva-tinto-2012\/","og_locale":"en_GB","og_type":"article","og_title":"Grande Reserva tinto 2012 - Fidalgas de Santar","og_description":"Vinho ruby intenso, com notas de frutos do bosque, terra e pinhal. Macio, fresco e de taninos suaves, termina num final austero e elegante. Medalhado internacionalmente e ideal para carnes vermelhas, ca\u00e7a e queijos estruturados.","og_url":"https:\/\/fidalgasdesantar.pt\/en\/product\/grande-reserva-tinto-2012\/","og_site_name":"Fidalgas de Santar","article_modified_time":"2026-04-09T15:46:51+00:00","og_image":[{"width":1024,"height":1536,"url":"https:\/\/fidalgasdesantar.pt\/wp-content\/uploads\/2025\/12\/Grande-Reserva-2012-1.png","type":"image\/png"}],"twitter_card":"summary_large_image","twitter_misc":{"Estimated reading time":"1 minute"},"schema":{"@context":"https:\/\/schema.org","@graph":[{"@type":"WebPage","@id":"https:\/\/fidalgasdesantar.pt\/produto\/grande-reserva-tinto-2012\/","url":"https:\/\/fidalgasdesantar.pt\/produto\/grande-reserva-tinto-2012\/","name":"Grande Reserva tinto 2012 - Fidalgas de Santar","isPartOf":{"@id":"https:\/\/fidalgasdesantar.pt\/#website"},"primaryImageOfPage":{"@id":"https:\/\/fidalgasdesantar.pt\/produto\/grande-reserva-tinto-2012\/#primaryimage"},"image":{"@id":"https:\/\/fidalgasdesantar.pt\/produto\/grande-reserva-tinto-2012\/#primaryimage"},"thumbnailUrl":"https:\/\/fidalgasdesantar.pt\/wp-content\/uploads\/2025\/12\/Grande-Reserva-2012-1.png","datePublished":"2025-12-23T11:52:04+00:00","dateModified":"2026-04-09T15:46:51+00:00","breadcrumb":{"@id":"https:\/\/fidalgasdesantar.pt\/produto\/grande-reserva-tinto-2012\/#breadcrumb"},"inLanguage":"en-GB","potentialAction":[{"@type":"ReadAction","target":["https:\/\/fidalgasdesantar.pt\/produto\/grande-reserva-tinto-2012\/"]}]},{"@type":"ImageObject","inLanguage":"en-GB","@id":"https:\/\/fidalgasdesantar.pt\/produto\/grande-reserva-tinto-2012\/#primaryimage","url":"https:\/\/fidalgasdesantar.pt\/wp-content\/uploads\/2025\/12\/Grande-Reserva-2012-1.png","contentUrl":"https:\/\/fidalgasdesantar.pt\/wp-content\/uploads\/2025\/12\/Grande-Reserva-2012-1.png","width":1024,"height":1536},{"@type":"BreadcrumbList","@id":"https:\/\/fidalgasdesantar.pt\/produto\/grande-reserva-tinto-2012\/#breadcrumb","itemListElement":[{"@type":"ListItem","position":1,"name":"In\u00edcio","item":"https:\/\/fidalgasdesantar.pt\/"},{"@type":"ListItem","position":2,"name":"Loja","item":"https:\/\/fidalgasdesantar.pt\/loja\/"},{"@type":"ListItem","position":3,"name":"Grande Reserva tinto 2012"}]},{"@type":"WebSite","@id":"https:\/\/fidalgasdesantar.pt\/#website","url":"https:\/\/fidalgasdesantar.pt\/","name":"Fidalgas de Santar","description":"Vinho\/Bebidas espirituosas","publisher":{"@id":"https:\/\/fidalgasdesantar.pt\/#organization"},"potentialAction":[{"@type":"SearchAction","target":{"@type":"EntryPoint","urlTemplate":"https:\/\/fidalgasdesantar.pt\/?s={search_term_string}"},"query-input":{"@type":"PropertyValueSpecification","valueRequired":true,"valueName":"search_term_string"}}],"inLanguage":"en-GB"},{"@type":"Organization","@id":"https:\/\/fidalgasdesantar.pt\/#organization","name":"Fidalgas de Santar","url":"https:\/\/fidalgasdesantar.pt\/","logo":{"@type":"ImageObject","inLanguage":"en-GB","@id":"https:\/\/fidalgasdesantar.pt\/#\/schema\/logo\/image\/","url":"https:\/\/fidalgasdesantar.pt\/wp-content\/uploads\/2025\/12\/cropped-logo2.jpg","contentUrl":"https:\/\/fidalgasdesantar.pt\/wp-content\/uploads\/2025\/12\/cropped-logo2.jpg","width":789,"height":664,"caption":"Fidalgas de Santar"},"image":{"@id":"https:\/\/fidalgasdesantar.pt\/#\/schema\/logo\/image\/"}}]}},"_links":{"self":[{"href":"https:\/\/fidalgasdesantar.pt\/en\/wp-json\/wp\/v2\/product\/8720","targetHints":{"allow":["GET"]}}],"collection":[{"href":"https:\/\/fidalgasdesantar.pt\/en\/wp-json\/wp\/v2\/product"}],"about":[{"href":"https:\/\/fidalgasdesantar.pt\/en\/wp-json\/wp\/v2\/types\/product"}],"replies":[{"embeddable":true,"href":"https:\/\/fidalgasdesantar.pt\/en\/wp-json\/wp\/v2\/comments?post=8720"}],"wp:featuredmedia":[{"embeddable":true,"href":"https:\/\/fidalgasdesantar.pt\/en\/wp-json\/wp\/v2\/media\/8949"}],"wp:attachment":[{"href":"https:\/\/fidalgasdesantar.pt\/en\/wp-json\/wp\/v2\/media?parent=8720"}],"wp:term":[{"taxonomy":"tax-castas","embeddable":true,"href":"https:\/\/fidalgasdesantar.pt\/en\/wp-json\/wp\/v2\/tax-castas?post=8720"},{"taxonomy":"product_brand","embeddable":true,"href":"https:\/\/fidalgasdesantar.pt\/en\/wp-json\/wp\/v2\/product_brand?post=8720"},{"taxonomy":"product_cat","embeddable":true,"href":"https:\/\/fidalgasdesantar.pt\/en\/wp-json\/wp\/v2\/product_cat?post=8720"},{"taxonomy":"product_tag","embeddable":true,"href":"https:\/\/fidalgasdesantar.pt\/en\/wp-json\/wp\/v2\/product_tag?post=8720"}],"curies":[{"name":"wp","href":"https:\/\/api.w.org\/{rel}","templated":true}]}}