{"id":8732,"date":"2025-12-23T12:10:57","date_gmt":"2025-12-23T12:10:57","guid":{"rendered":"https:\/\/fidalgasdesantar.pt\/?post_type=product&#038;p=8732"},"modified":"2026-04-09T15:39:17","modified_gmt":"2026-04-09T15:39:17","slug":"reserva-tinto-2017","status":"publish","type":"product","link":"https:\/\/fidalgasdesantar.pt\/en\/product\/reserva-tinto-2017\/","title":{"rendered":"Reserva Tinto 2017"},"content":{"rendered":"<p>Este vinho apresenta uma cor vermelho\u2011cereja muito viva, com um centro mais denso e escuro. No nariz surgem notas iodadas e uma express\u00e3o marcada de fruta vermelha madura, especialmente morango, acompanhada por nuances de mentol e eucalipto. Em segundo plano, revelam\u2011se ainda apontamentos de fruta preta caracter\u00edstica. No palato mant\u00e9m o perfil frutado, com frescura equilibrada e boa profundidade.<\/p>\n<p>Harmoniza de forma exemplar com polvo \u00e0 lagareiro e batata a murro. Deve ser consumido a cerca de 16\u00baC para expressar todo o seu potencial. As garrafas devem ser armazenadas na horizontal.<\/p>\n<p>Distinguido com o <strong>Selo de Qualidade<\/strong> atribu\u00eddo pela Associa\u00e7\u00e3o de Escan\u00e7\u00f5es de Portugal no 9.\u00ba Concurso de Vinhos do Cr\u00e9dito Agr\u00edcola.<\/p>\n<p><strong>Teor alco\u00f3lico:<\/strong> 14,2% <strong>Acidez Total:<\/strong> 5,04 g\/l <strong>pH:<\/strong> 3,63<\/p>","protected":false},"excerpt":{"rendered":"<p>Vinho de cor vermelho\u2011cereja viva, com aromas de morango maduro, mentol e eucalipto. Fresco, frutado e equilibrado, ideal para acompanhar polvo \u00e0 lagareiro. Premiado com Selo de Qualidade.<\/p>","protected":false},"featured_media":8947,"comment_status":"open","ping_status":"closed","template":"","meta":{"_acf_changed":false},"tax-castas":[150,151,152,153],"product_brand":[],"product_cat":[138,140,155],"product_tag":[],"class_list":{"0":"post-8732","1":"product","2":"type-product","3":"status-publish","4":"has-post-thumbnail","6":"tax-castas-touriga-nacional","7":"tax-castas-alfrocheiro","8":"tax-castas-jaen","9":"tax-castas-tinta-roriz","10":"product_cat-reserva","11":"product_cat-140","12":"product_cat-vinhos","14":"first","15":"instock","16":"taxable","17":"shipping-taxable","18":"purchasable","19":"product-type-simple"},"acf":[],"yoast_head":"<!-- This site is optimized with the Yoast SEO plugin v26.8 - https:\/\/yoast.com\/product\/yoast-seo-wordpress\/ -->\n<title>Reserva Tinto 2017 - Fidalgas de Santar<\/title>\n<meta name=\"robots\" content=\"index, follow, max-snippet:-1, max-image-preview:large, max-video-preview:-1\" \/>\n<link rel=\"canonical\" href=\"https:\/\/fidalgasdesantar.pt\/en\/product\/reserva-tinto-2017\/\" \/>\n<meta property=\"og:locale\" content=\"en_GB\" \/>\n<meta property=\"og:type\" content=\"article\" \/>\n<meta property=\"og:title\" content=\"Reserva Tinto 2017 - Fidalgas de Santar\" \/>\n<meta property=\"og:description\" content=\"Vinho de cor vermelho\u2011cereja viva, com aromas de morango maduro, mentol e eucalipto. Fresco, frutado e equilibrado, ideal para acompanhar polvo \u00e0 lagareiro. Premiado com Selo de Qualidade.\" \/>\n<meta property=\"og:url\" content=\"https:\/\/fidalgasdesantar.pt\/en\/product\/reserva-tinto-2017\/\" \/>\n<meta property=\"og:site_name\" content=\"Fidalgas de Santar\" \/>\n<meta property=\"article:modified_time\" content=\"2026-04-09T15:39:17+00:00\" \/>\n<meta property=\"og:image\" content=\"https:\/\/fidalgasdesantar.pt\/wp-content\/uploads\/2025\/12\/Reserva-2017-1.png\" \/>\n\t<meta property=\"og:image:width\" content=\"1024\" \/>\n\t<meta property=\"og:image:height\" content=\"1536\" \/>\n\t<meta property=\"og:image:type\" content=\"image\/png\" \/>\n<meta name=\"twitter:card\" content=\"summary_large_image\" \/>\n<meta name=\"twitter:label1\" content=\"Estimated reading time\" \/>\n\t<meta name=\"twitter:data1\" content=\"1 minute\" \/>\n<script type=\"application\/ld+json\" class=\"yoast-schema-graph\">{\"@context\":\"https:\/\/schema.org\",\"@graph\":[{\"@type\":\"WebPage\",\"@id\":\"https:\/\/fidalgasdesantar.pt\/produto\/reserva-tinto-2017\/\",\"url\":\"https:\/\/fidalgasdesantar.pt\/produto\/reserva-tinto-2017\/\",\"name\":\"Reserva Tinto 2017 - Fidalgas de Santar\",\"isPartOf\":{\"@id\":\"https:\/\/fidalgasdesantar.pt\/#website\"},\"primaryImageOfPage\":{\"@id\":\"https:\/\/fidalgasdesantar.pt\/produto\/reserva-tinto-2017\/#primaryimage\"},\"image\":{\"@id\":\"https:\/\/fidalgasdesantar.pt\/produto\/reserva-tinto-2017\/#primaryimage\"},\"thumbnailUrl\":\"https:\/\/fidalgasdesantar.pt\/wp-content\/uploads\/2025\/12\/Reserva-2017-1.png\",\"datePublished\":\"2025-12-23T12:10:57+00:00\",\"dateModified\":\"2026-04-09T15:39:17+00:00\",\"breadcrumb\":{\"@id\":\"https:\/\/fidalgasdesantar.pt\/produto\/reserva-tinto-2017\/#breadcrumb\"},\"inLanguage\":\"en-GB\",\"potentialAction\":[{\"@type\":\"ReadAction\",\"target\":[\"https:\/\/fidalgasdesantar.pt\/produto\/reserva-tinto-2017\/\"]}]},{\"@type\":\"ImageObject\",\"inLanguage\":\"en-GB\",\"@id\":\"https:\/\/fidalgasdesantar.pt\/produto\/reserva-tinto-2017\/#primaryimage\",\"url\":\"https:\/\/fidalgasdesantar.pt\/wp-content\/uploads\/2025\/12\/Reserva-2017-1.png\",\"contentUrl\":\"https:\/\/fidalgasdesantar.pt\/wp-content\/uploads\/2025\/12\/Reserva-2017-1.png\",\"width\":1024,\"height\":1536},{\"@type\":\"BreadcrumbList\",\"@id\":\"https:\/\/fidalgasdesantar.pt\/produto\/reserva-tinto-2017\/#breadcrumb\",\"itemListElement\":[{\"@type\":\"ListItem\",\"position\":1,\"name\":\"In\u00edcio\",\"item\":\"https:\/\/fidalgasdesantar.pt\/\"},{\"@type\":\"ListItem\",\"position\":2,\"name\":\"Loja\",\"item\":\"https:\/\/fidalgasdesantar.pt\/loja\/\"},{\"@type\":\"ListItem\",\"position\":3,\"name\":\"Reserva Tinto 2017\"}]},{\"@type\":\"WebSite\",\"@id\":\"https:\/\/fidalgasdesantar.pt\/#website\",\"url\":\"https:\/\/fidalgasdesantar.pt\/\",\"name\":\"Fidalgas de Santar\",\"description\":\"Vinho\/Bebidas espirituosas\",\"publisher\":{\"@id\":\"https:\/\/fidalgasdesantar.pt\/#organization\"},\"potentialAction\":[{\"@type\":\"SearchAction\",\"target\":{\"@type\":\"EntryPoint\",\"urlTemplate\":\"https:\/\/fidalgasdesantar.pt\/?s={search_term_string}\"},\"query-input\":{\"@type\":\"PropertyValueSpecification\",\"valueRequired\":true,\"valueName\":\"search_term_string\"}}],\"inLanguage\":\"en-GB\"},{\"@type\":\"Organization\",\"@id\":\"https:\/\/fidalgasdesantar.pt\/#organization\",\"name\":\"Fidalgas de Santar\",\"url\":\"https:\/\/fidalgasdesantar.pt\/\",\"logo\":{\"@type\":\"ImageObject\",\"inLanguage\":\"en-GB\",\"@id\":\"https:\/\/fidalgasdesantar.pt\/#\/schema\/logo\/image\/\",\"url\":\"https:\/\/fidalgasdesantar.pt\/wp-content\/uploads\/2025\/12\/cropped-logo2.jpg\",\"contentUrl\":\"https:\/\/fidalgasdesantar.pt\/wp-content\/uploads\/2025\/12\/cropped-logo2.jpg\",\"width\":789,\"height\":664,\"caption\":\"Fidalgas de Santar\"},\"image\":{\"@id\":\"https:\/\/fidalgasdesantar.pt\/#\/schema\/logo\/image\/\"}}]}<\/script>\n<!-- \/ Yoast SEO plugin. -->","yoast_head_json":{"title":"Reserva Tinto 2017 - Fidalgas de Santar","robots":{"index":"index","follow":"follow","max-snippet":"max-snippet:-1","max-image-preview":"max-image-preview:large","max-video-preview":"max-video-preview:-1"},"canonical":"https:\/\/fidalgasdesantar.pt\/en\/product\/reserva-tinto-2017\/","og_locale":"en_GB","og_type":"article","og_title":"Reserva Tinto 2017 - Fidalgas de Santar","og_description":"Vinho de cor vermelho\u2011cereja viva, com aromas de morango maduro, mentol e eucalipto. Fresco, frutado e equilibrado, ideal para acompanhar polvo \u00e0 lagareiro. Premiado com Selo de Qualidade.","og_url":"https:\/\/fidalgasdesantar.pt\/en\/product\/reserva-tinto-2017\/","og_site_name":"Fidalgas de Santar","article_modified_time":"2026-04-09T15:39:17+00:00","og_image":[{"width":1024,"height":1536,"url":"https:\/\/fidalgasdesantar.pt\/wp-content\/uploads\/2025\/12\/Reserva-2017-1.png","type":"image\/png"}],"twitter_card":"summary_large_image","twitter_misc":{"Estimated reading time":"1 minute"},"schema":{"@context":"https:\/\/schema.org","@graph":[{"@type":"WebPage","@id":"https:\/\/fidalgasdesantar.pt\/produto\/reserva-tinto-2017\/","url":"https:\/\/fidalgasdesantar.pt\/produto\/reserva-tinto-2017\/","name":"Reserva Tinto 2017 - Fidalgas de Santar","isPartOf":{"@id":"https:\/\/fidalgasdesantar.pt\/#website"},"primaryImageOfPage":{"@id":"https:\/\/fidalgasdesantar.pt\/produto\/reserva-tinto-2017\/#primaryimage"},"image":{"@id":"https:\/\/fidalgasdesantar.pt\/produto\/reserva-tinto-2017\/#primaryimage"},"thumbnailUrl":"https:\/\/fidalgasdesantar.pt\/wp-content\/uploads\/2025\/12\/Reserva-2017-1.png","datePublished":"2025-12-23T12:10:57+00:00","dateModified":"2026-04-09T15:39:17+00:00","breadcrumb":{"@id":"https:\/\/fidalgasdesantar.pt\/produto\/reserva-tinto-2017\/#breadcrumb"},"inLanguage":"en-GB","potentialAction":[{"@type":"ReadAction","target":["https:\/\/fidalgasdesantar.pt\/produto\/reserva-tinto-2017\/"]}]},{"@type":"ImageObject","inLanguage":"en-GB","@id":"https:\/\/fidalgasdesantar.pt\/produto\/reserva-tinto-2017\/#primaryimage","url":"https:\/\/fidalgasdesantar.pt\/wp-content\/uploads\/2025\/12\/Reserva-2017-1.png","contentUrl":"https:\/\/fidalgasdesantar.pt\/wp-content\/uploads\/2025\/12\/Reserva-2017-1.png","width":1024,"height":1536},{"@type":"BreadcrumbList","@id":"https:\/\/fidalgasdesantar.pt\/produto\/reserva-tinto-2017\/#breadcrumb","itemListElement":[{"@type":"ListItem","position":1,"name":"In\u00edcio","item":"https:\/\/fidalgasdesantar.pt\/"},{"@type":"ListItem","position":2,"name":"Loja","item":"https:\/\/fidalgasdesantar.pt\/loja\/"},{"@type":"ListItem","position":3,"name":"Reserva Tinto 2017"}]},{"@type":"WebSite","@id":"https:\/\/fidalgasdesantar.pt\/#website","url":"https:\/\/fidalgasdesantar.pt\/","name":"Fidalgas de Santar","description":"Vinho\/Bebidas espirituosas","publisher":{"@id":"https:\/\/fidalgasdesantar.pt\/#organization"},"potentialAction":[{"@type":"SearchAction","target":{"@type":"EntryPoint","urlTemplate":"https:\/\/fidalgasdesantar.pt\/?s={search_term_string}"},"query-input":{"@type":"PropertyValueSpecification","valueRequired":true,"valueName":"search_term_string"}}],"inLanguage":"en-GB"},{"@type":"Organization","@id":"https:\/\/fidalgasdesantar.pt\/#organization","name":"Fidalgas de Santar","url":"https:\/\/fidalgasdesantar.pt\/","logo":{"@type":"ImageObject","inLanguage":"en-GB","@id":"https:\/\/fidalgasdesantar.pt\/#\/schema\/logo\/image\/","url":"https:\/\/fidalgasdesantar.pt\/wp-content\/uploads\/2025\/12\/cropped-logo2.jpg","contentUrl":"https:\/\/fidalgasdesantar.pt\/wp-content\/uploads\/2025\/12\/cropped-logo2.jpg","width":789,"height":664,"caption":"Fidalgas de Santar"},"image":{"@id":"https:\/\/fidalgasdesantar.pt\/#\/schema\/logo\/image\/"}}]}},"_links":{"self":[{"href":"https:\/\/fidalgasdesantar.pt\/en\/wp-json\/wp\/v2\/product\/8732","targetHints":{"allow":["GET"]}}],"collection":[{"href":"https:\/\/fidalgasdesantar.pt\/en\/wp-json\/wp\/v2\/product"}],"about":[{"href":"https:\/\/fidalgasdesantar.pt\/en\/wp-json\/wp\/v2\/types\/product"}],"replies":[{"embeddable":true,"href":"https:\/\/fidalgasdesantar.pt\/en\/wp-json\/wp\/v2\/comments?post=8732"}],"wp:featuredmedia":[{"embeddable":true,"href":"https:\/\/fidalgasdesantar.pt\/en\/wp-json\/wp\/v2\/media\/8947"}],"wp:attachment":[{"href":"https:\/\/fidalgasdesantar.pt\/en\/wp-json\/wp\/v2\/media?parent=8732"}],"wp:term":[{"taxonomy":"tax-castas","embeddable":true,"href":"https:\/\/fidalgasdesantar.pt\/en\/wp-json\/wp\/v2\/tax-castas?post=8732"},{"taxonomy":"product_brand","embeddable":true,"href":"https:\/\/fidalgasdesantar.pt\/en\/wp-json\/wp\/v2\/product_brand?post=8732"},{"taxonomy":"product_cat","embeddable":true,"href":"https:\/\/fidalgasdesantar.pt\/en\/wp-json\/wp\/v2\/product_cat?post=8732"},{"taxonomy":"product_tag","embeddable":true,"href":"https:\/\/fidalgasdesantar.pt\/en\/wp-json\/wp\/v2\/product_tag?post=8732"}],"curies":[{"name":"wp","href":"https:\/\/api.w.org\/{rel}","templated":true}]}}