{"id":8742,"date":"2025-12-23T15:21:11","date_gmt":"2025-12-23T15:21:11","guid":{"rendered":"https:\/\/fidalgasdesantar.pt\/?post_type=product&#038;p=8742"},"modified":"2026-04-08T16:41:52","modified_gmt":"2026-04-08T16:41:52","slug":"mel","status":"publish","type":"product","link":"https:\/\/fidalgasdesantar.pt\/en\/product\/mel\/","title":{"rendered":"Honey"},"content":{"rendered":"<p data-start=\"604\" data-end=\"774\"><strong data-start=\"604\" data-end=\"621\">Peso l\u00edquido:<\/strong> aproximadamente 280g<br data-start=\"642\" data-end=\"645\" \/><strong data-start=\"645\" data-end=\"656\">Origem:<\/strong> Produto de Portugal<br data-start=\"676\" data-end=\"679\" \/><strong data-start=\"679\" data-end=\"717\">Local de produ\u00e7\u00e3o\/comercializa\u00e7\u00e3o:<\/strong> Santar, Portugal<br data-start=\"734\" data-end=\"737\" \/><strong data-start=\"737\" data-end=\"760\">Comercializado por:<\/strong> VINASSANTAR<\/p>\n<p data-start=\"776\" data-end=\"918\"><strong data-start=\"776\" data-end=\"792\">Conserva\u00e7\u00e3o:<\/strong> Conservar em local seco e \u00e0 temperatura ambiente. A cristaliza\u00e7\u00e3o \u00e9 um processo natural do mel e n\u00e3o afeta a sua qualidade.<\/p>\n<p data-start=\"920\" data-end=\"1000\"><strong data-start=\"920\" data-end=\"947\">Validade ap\u00f3s abertura:<\/strong> Consumir preferencialmente at\u00e9 2 anos ap\u00f3s abertura.<\/p>","protected":false},"excerpt":{"rendered":"<p data-start=\"159\" data-end=\"425\">Mel multifloral puro e artesanal, produzido a partir da diversidade floral da regi\u00e3o, o que lhe confere um sabor rico, equilibrado e arom\u00e1tico. De cor e intensidade vari\u00e1veis conforme a flora predominante, este mel destaca-se pela sua autenticidade e qualidade natural.<\/p>\n<p data-start=\"427\" data-end=\"563\">Ideal para ado\u00e7ar bebidas, acompanhar p\u00e3o, queijos ou integrar receitas, \u00e9 um produto vers\u00e1til que traz o melhor da natureza \u00e0 sua mesa.<\/p>\n<p data-start=\"565\" data-end=\"602\"><strong data-start=\"565\" data-end=\"582\">Ingredientes:<\/strong> Mel 100% natural.<\/p>","protected":false},"featured_media":8858,"comment_status":"open","ping_status":"closed","template":"","meta":{"_acf_changed":false},"tax-castas":[],"product_brand":[],"product_cat":[145],"product_tag":[],"class_list":{"0":"post-8742","1":"product","2":"type-product","3":"status-publish","4":"has-post-thumbnail","6":"product_cat-mel","8":"first","9":"instock","10":"featured","11":"taxable","12":"shipping-taxable","13":"purchasable","14":"product-type-simple"},"acf":[],"yoast_head":"<!-- This site is optimized with the Yoast SEO plugin v26.8 - https:\/\/yoast.com\/product\/yoast-seo-wordpress\/ -->\n<title>Mel - Fidalgas de Santar<\/title>\n<meta name=\"robots\" content=\"index, follow, max-snippet:-1, max-image-preview:large, max-video-preview:-1\" \/>\n<link rel=\"canonical\" href=\"https:\/\/fidalgasdesantar.pt\/en\/product\/mel\/\" \/>\n<meta property=\"og:locale\" content=\"en_GB\" \/>\n<meta property=\"og:type\" content=\"article\" \/>\n<meta property=\"og:title\" content=\"Mel - Fidalgas de Santar\" \/>\n<meta property=\"og:description\" content=\"Mel multifloral puro e artesanal, produzido a partir da diversidade floral da regi\u00e3o, o que lhe confere um sabor rico, equilibrado e arom\u00e1tico. De cor e intensidade vari\u00e1veis conforme a flora predominante, este mel destaca-se pela sua autenticidade e qualidade natural. Ideal para ado\u00e7ar bebidas, acompanhar p\u00e3o, queijos ou integrar receitas, \u00e9 um produto vers\u00e1til que traz o melhor da natureza \u00e0 sua mesa. Ingredientes: Mel 100% natural.\" \/>\n<meta property=\"og:url\" content=\"https:\/\/fidalgasdesantar.pt\/en\/product\/mel\/\" \/>\n<meta property=\"og:site_name\" content=\"Fidalgas de Santar\" \/>\n<meta property=\"article:modified_time\" content=\"2026-04-08T16:41:52+00:00\" \/>\n<meta property=\"og:image\" content=\"https:\/\/fidalgasdesantar.pt\/wp-content\/uploads\/2025\/12\/Mel-683x1024.png\" \/>\n\t<meta property=\"og:image:width\" content=\"683\" \/>\n\t<meta property=\"og:image:height\" content=\"1024\" \/>\n\t<meta property=\"og:image:type\" content=\"image\/png\" \/>\n<meta name=\"twitter:card\" content=\"summary_large_image\" \/>\n<meta name=\"twitter:label1\" content=\"Estimated reading time\" \/>\n\t<meta name=\"twitter:data1\" content=\"1 minute\" \/>\n<script type=\"application\/ld+json\" class=\"yoast-schema-graph\">{\"@context\":\"https:\/\/schema.org\",\"@graph\":[{\"@type\":\"WebPage\",\"@id\":\"https:\/\/fidalgasdesantar.pt\/produto\/mel\/\",\"url\":\"https:\/\/fidalgasdesantar.pt\/produto\/mel\/\",\"name\":\"Mel - Fidalgas de Santar\",\"isPartOf\":{\"@id\":\"https:\/\/fidalgasdesantar.pt\/#website\"},\"primaryImageOfPage\":{\"@id\":\"https:\/\/fidalgasdesantar.pt\/produto\/mel\/#primaryimage\"},\"image\":{\"@id\":\"https:\/\/fidalgasdesantar.pt\/produto\/mel\/#primaryimage\"},\"thumbnailUrl\":\"https:\/\/fidalgasdesantar.pt\/wp-content\/uploads\/2025\/12\/Mel.png\",\"datePublished\":\"2025-12-23T15:21:11+00:00\",\"dateModified\":\"2026-04-08T16:41:52+00:00\",\"breadcrumb\":{\"@id\":\"https:\/\/fidalgasdesantar.pt\/produto\/mel\/#breadcrumb\"},\"inLanguage\":\"en-GB\",\"potentialAction\":[{\"@type\":\"ReadAction\",\"target\":[\"https:\/\/fidalgasdesantar.pt\/produto\/mel\/\"]}]},{\"@type\":\"ImageObject\",\"inLanguage\":\"en-GB\",\"@id\":\"https:\/\/fidalgasdesantar.pt\/produto\/mel\/#primaryimage\",\"url\":\"https:\/\/fidalgasdesantar.pt\/wp-content\/uploads\/2025\/12\/Mel.png\",\"contentUrl\":\"https:\/\/fidalgasdesantar.pt\/wp-content\/uploads\/2025\/12\/Mel.png\",\"width\":1024,\"height\":1536},{\"@type\":\"BreadcrumbList\",\"@id\":\"https:\/\/fidalgasdesantar.pt\/produto\/mel\/#breadcrumb\",\"itemListElement\":[{\"@type\":\"ListItem\",\"position\":1,\"name\":\"In\u00edcio\",\"item\":\"https:\/\/fidalgasdesantar.pt\/\"},{\"@type\":\"ListItem\",\"position\":2,\"name\":\"Loja\",\"item\":\"https:\/\/fidalgasdesantar.pt\/loja\/\"},{\"@type\":\"ListItem\",\"position\":3,\"name\":\"Mel\"}]},{\"@type\":\"WebSite\",\"@id\":\"https:\/\/fidalgasdesantar.pt\/#website\",\"url\":\"https:\/\/fidalgasdesantar.pt\/\",\"name\":\"Fidalgas de Santar\",\"description\":\"Vinho\/Bebidas espirituosas\",\"publisher\":{\"@id\":\"https:\/\/fidalgasdesantar.pt\/#organization\"},\"potentialAction\":[{\"@type\":\"SearchAction\",\"target\":{\"@type\":\"EntryPoint\",\"urlTemplate\":\"https:\/\/fidalgasdesantar.pt\/?s={search_term_string}\"},\"query-input\":{\"@type\":\"PropertyValueSpecification\",\"valueRequired\":true,\"valueName\":\"search_term_string\"}}],\"inLanguage\":\"en-GB\"},{\"@type\":\"Organization\",\"@id\":\"https:\/\/fidalgasdesantar.pt\/#organization\",\"name\":\"Fidalgas de Santar\",\"url\":\"https:\/\/fidalgasdesantar.pt\/\",\"logo\":{\"@type\":\"ImageObject\",\"inLanguage\":\"en-GB\",\"@id\":\"https:\/\/fidalgasdesantar.pt\/#\/schema\/logo\/image\/\",\"url\":\"https:\/\/fidalgasdesantar.pt\/wp-content\/uploads\/2025\/12\/cropped-logo2.jpg\",\"contentUrl\":\"https:\/\/fidalgasdesantar.pt\/wp-content\/uploads\/2025\/12\/cropped-logo2.jpg\",\"width\":789,\"height\":664,\"caption\":\"Fidalgas de Santar\"},\"image\":{\"@id\":\"https:\/\/fidalgasdesantar.pt\/#\/schema\/logo\/image\/\"}}]}<\/script>\n<!-- \/ Yoast SEO plugin. -->","yoast_head_json":{"title":"Mel - Fidalgas de Santar","robots":{"index":"index","follow":"follow","max-snippet":"max-snippet:-1","max-image-preview":"max-image-preview:large","max-video-preview":"max-video-preview:-1"},"canonical":"https:\/\/fidalgasdesantar.pt\/en\/product\/mel\/","og_locale":"en_GB","og_type":"article","og_title":"Mel - Fidalgas de Santar","og_description":"Mel multifloral puro e artesanal, produzido a partir da diversidade floral da regi\u00e3o, o que lhe confere um sabor rico, equilibrado e arom\u00e1tico. De cor e intensidade vari\u00e1veis conforme a flora predominante, este mel destaca-se pela sua autenticidade e qualidade natural. Ideal para ado\u00e7ar bebidas, acompanhar p\u00e3o, queijos ou integrar receitas, \u00e9 um produto vers\u00e1til que traz o melhor da natureza \u00e0 sua mesa. Ingredientes: Mel 100% natural.","og_url":"https:\/\/fidalgasdesantar.pt\/en\/product\/mel\/","og_site_name":"Fidalgas de Santar","article_modified_time":"2026-04-08T16:41:52+00:00","og_image":[{"width":683,"height":1024,"url":"https:\/\/fidalgasdesantar.pt\/wp-content\/uploads\/2025\/12\/Mel-683x1024.png","type":"image\/png"}],"twitter_card":"summary_large_image","twitter_misc":{"Estimated reading time":"1 minute"},"schema":{"@context":"https:\/\/schema.org","@graph":[{"@type":"WebPage","@id":"https:\/\/fidalgasdesantar.pt\/produto\/mel\/","url":"https:\/\/fidalgasdesantar.pt\/produto\/mel\/","name":"Mel - Fidalgas de Santar","isPartOf":{"@id":"https:\/\/fidalgasdesantar.pt\/#website"},"primaryImageOfPage":{"@id":"https:\/\/fidalgasdesantar.pt\/produto\/mel\/#primaryimage"},"image":{"@id":"https:\/\/fidalgasdesantar.pt\/produto\/mel\/#primaryimage"},"thumbnailUrl":"https:\/\/fidalgasdesantar.pt\/wp-content\/uploads\/2025\/12\/Mel.png","datePublished":"2025-12-23T15:21:11+00:00","dateModified":"2026-04-08T16:41:52+00:00","breadcrumb":{"@id":"https:\/\/fidalgasdesantar.pt\/produto\/mel\/#breadcrumb"},"inLanguage":"en-GB","potentialAction":[{"@type":"ReadAction","target":["https:\/\/fidalgasdesantar.pt\/produto\/mel\/"]}]},{"@type":"ImageObject","inLanguage":"en-GB","@id":"https:\/\/fidalgasdesantar.pt\/produto\/mel\/#primaryimage","url":"https:\/\/fidalgasdesantar.pt\/wp-content\/uploads\/2025\/12\/Mel.png","contentUrl":"https:\/\/fidalgasdesantar.pt\/wp-content\/uploads\/2025\/12\/Mel.png","width":1024,"height":1536},{"@type":"BreadcrumbList","@id":"https:\/\/fidalgasdesantar.pt\/produto\/mel\/#breadcrumb","itemListElement":[{"@type":"ListItem","position":1,"name":"In\u00edcio","item":"https:\/\/fidalgasdesantar.pt\/"},{"@type":"ListItem","position":2,"name":"Loja","item":"https:\/\/fidalgasdesantar.pt\/loja\/"},{"@type":"ListItem","position":3,"name":"Mel"}]},{"@type":"WebSite","@id":"https:\/\/fidalgasdesantar.pt\/#website","url":"https:\/\/fidalgasdesantar.pt\/","name":"Fidalgas de Santar","description":"Vinho\/Bebidas espirituosas","publisher":{"@id":"https:\/\/fidalgasdesantar.pt\/#organization"},"potentialAction":[{"@type":"SearchAction","target":{"@type":"EntryPoint","urlTemplate":"https:\/\/fidalgasdesantar.pt\/?s={search_term_string}"},"query-input":{"@type":"PropertyValueSpecification","valueRequired":true,"valueName":"search_term_string"}}],"inLanguage":"en-GB"},{"@type":"Organization","@id":"https:\/\/fidalgasdesantar.pt\/#organization","name":"Fidalgas de Santar","url":"https:\/\/fidalgasdesantar.pt\/","logo":{"@type":"ImageObject","inLanguage":"en-GB","@id":"https:\/\/fidalgasdesantar.pt\/#\/schema\/logo\/image\/","url":"https:\/\/fidalgasdesantar.pt\/wp-content\/uploads\/2025\/12\/cropped-logo2.jpg","contentUrl":"https:\/\/fidalgasdesantar.pt\/wp-content\/uploads\/2025\/12\/cropped-logo2.jpg","width":789,"height":664,"caption":"Fidalgas de Santar"},"image":{"@id":"https:\/\/fidalgasdesantar.pt\/#\/schema\/logo\/image\/"}}]}},"_links":{"self":[{"href":"https:\/\/fidalgasdesantar.pt\/en\/wp-json\/wp\/v2\/product\/8742","targetHints":{"allow":["GET"]}}],"collection":[{"href":"https:\/\/fidalgasdesantar.pt\/en\/wp-json\/wp\/v2\/product"}],"about":[{"href":"https:\/\/fidalgasdesantar.pt\/en\/wp-json\/wp\/v2\/types\/product"}],"replies":[{"embeddable":true,"href":"https:\/\/fidalgasdesantar.pt\/en\/wp-json\/wp\/v2\/comments?post=8742"}],"wp:featuredmedia":[{"embeddable":true,"href":"https:\/\/fidalgasdesantar.pt\/en\/wp-json\/wp\/v2\/media\/8858"}],"wp:attachment":[{"href":"https:\/\/fidalgasdesantar.pt\/en\/wp-json\/wp\/v2\/media?parent=8742"}],"wp:term":[{"taxonomy":"tax-castas","embeddable":true,"href":"https:\/\/fidalgasdesantar.pt\/en\/wp-json\/wp\/v2\/tax-castas?post=8742"},{"taxonomy":"product_brand","embeddable":true,"href":"https:\/\/fidalgasdesantar.pt\/en\/wp-json\/wp\/v2\/product_brand?post=8742"},{"taxonomy":"product_cat","embeddable":true,"href":"https:\/\/fidalgasdesantar.pt\/en\/wp-json\/wp\/v2\/product_cat?post=8742"},{"taxonomy":"product_tag","embeddable":true,"href":"https:\/\/fidalgasdesantar.pt\/en\/wp-json\/wp\/v2\/product_tag?post=8742"}],"curies":[{"name":"wp","href":"https:\/\/api.w.org\/{rel}","templated":true}]}}