{"id":8747,"date":"2025-12-23T15:57:17","date_gmt":"2025-12-23T15:57:17","guid":{"rendered":"https:\/\/fidalgasdesantar.pt\/?post_type=product&#038;p=8747"},"modified":"2026-04-09T15:38:26","modified_gmt":"2026-04-09T15:38:26","slug":"azeite","status":"publish","type":"product","link":"https:\/\/fidalgasdesantar.pt\/en\/product\/azeite\/","title":{"rendered":"Olive oil"},"content":{"rendered":"<p data-start=\"595\" data-end=\"635\"><strong data-start=\"595\" data-end=\"612\">Ingredientes:<\/strong> Azeite extra virgem.<\/p>\n<p data-start=\"637\" data-end=\"754\"><strong data-start=\"637\" data-end=\"660\">Quantidade l\u00edquida:<\/strong> 500 ml<br data-start=\"667\" data-end=\"670\" \/><strong data-start=\"670\" data-end=\"681\">Origem:<\/strong> Lote de azeite da Uni\u00e3o Europeia<br data-start=\"714\" data-end=\"717\" \/><strong data-start=\"717\" data-end=\"740\">Comercializado por:<\/strong> VINASSANTAR<\/p>\n<hr \/>\n<h3 data-section-id=\"1seerpb\" data-start=\"761\" data-end=\"806\"><span role=\"text\"><strong data-start=\"765\" data-end=\"804\">Declara\u00e7\u00e3o Nutricional (por 100 ml)<\/strong><\/span><\/h3>\n<p data-start=\"807\" data-end=\"862\"><strong data-start=\"807\" data-end=\"819\">Energia:<\/strong> 3437 kJ \/ 821 kcal<br data-start=\"838\" data-end=\"841\" \/><strong data-start=\"841\" data-end=\"853\">L\u00edpidos:<\/strong> 91,2 g<\/p>\n<ul data-start=\"863\" data-end=\"948\">\n<li data-section-id=\"1bj6etx\" data-start=\"863\" data-end=\"894\">dos quais saturados: 13,1 g<\/li>\n<li data-section-id=\"9mgc1n\" data-start=\"895\" data-end=\"922\">monoinsaturados: 71,8 g<\/li>\n<li data-section-id=\"14f4m34\" data-start=\"923\" data-end=\"948\">polinsaturados: 6,3 g<\/li>\n<\/ul>\n<p data-start=\"950\" data-end=\"980\"><strong data-start=\"950\" data-end=\"974\">Hidratos de carbono:<\/strong> 0 g<\/p>\n<ul data-start=\"981\" data-end=\"1008\">\n<li data-section-id=\"1vjgjyw\" data-start=\"981\" data-end=\"1008\">dos quais a\u00e7\u00facares: 0 g<\/li>\n<\/ul>\n<p data-start=\"1010\" data-end=\"1045\"><strong data-start=\"1010\" data-end=\"1024\">Prote\u00ednas:<\/strong> 0 g<br data-start=\"1028\" data-end=\"1031\" \/><strong data-start=\"1031\" data-end=\"1039\">Sal:<\/strong> 0 g<\/p>\n<hr \/>\n<h3 data-section-id=\"ezmtrk\" data-start=\"1052\" data-end=\"1085\"><span role=\"text\"><strong data-start=\"1056\" data-end=\"1083\">Par\u00e2metros de Qualidade<\/strong><\/span><\/h3>\n<p data-start=\"1086\" data-end=\"1241\"><strong data-start=\"1086\" data-end=\"1097\">Acidez:<\/strong> \u2264 0,8%<br data-start=\"1104\" data-end=\"1107\" \/><strong data-start=\"1107\" data-end=\"1131\">\u00cdndice de per\u00f3xidos:<\/strong> \u2264 20 meq O\u2082\/kg<br data-start=\"1146\" data-end=\"1149\" \/><strong data-start=\"1149\" data-end=\"1167\">Teor de ceras:<\/strong> \u2264 150 mg\/kg<br data-start=\"1179\" data-end=\"1182\" \/><strong data-start=\"1182\" data-end=\"1191\">K270:<\/strong> \u2264 0,22<br data-start=\"1198\" data-end=\"1201\" \/><strong data-start=\"1201\" data-end=\"1210\">K232:<\/strong> \u2264 2,50<br data-start=\"1217\" data-end=\"1220\" \/><strong data-start=\"1220\" data-end=\"1232\">Delta K:<\/strong> \u2264 0,01<\/p>\n<hr \/>\n<h3 data-section-id=\"13hu5r0\" data-start=\"1248\" data-end=\"1269\"><span role=\"text\"><strong data-start=\"1252\" data-end=\"1267\">Conserva\u00e7\u00e3o<\/strong><\/span><\/h3>\n<p data-start=\"1270\" data-end=\"1332\">Conservar em local fresco e seco, ao abrigo da luz e do calor.<\/p>","protected":false},"excerpt":{"rendered":"<p data-start=\"170\" data-end=\"459\">Azeite extra virgem de elevada qualidade, obtido diretamente de azeitonas selecionadas e extra\u00eddo exclusivamente por processos mec\u00e2nicos. Apresenta um perfil equilibrado, com aroma e sabor caracter\u00edsticos, ideal para temperar saladas, finalizar pratos ou utilizar na cozinha mediterr\u00e2nica.<\/p>\n<p data-start=\"461\" data-end=\"593\">Produto 100% natural, podendo apresentar dep\u00f3sito ou ligeira turva\u00e7\u00e3o, caracter\u00edsticas pr\u00f3prias que n\u00e3o comprometem a sua qualidade.<\/p>","protected":false},"featured_media":8946,"comment_status":"open","ping_status":"closed","template":"","meta":{"_acf_changed":false},"tax-castas":[],"product_brand":[],"product_cat":[147],"product_tag":[],"class_list":{"0":"post-8747","1":"product","2":"type-product","3":"status-publish","4":"has-post-thumbnail","6":"product_cat-azeite","8":"first","9":"instock","10":"featured","11":"taxable","12":"shipping-taxable","13":"purchasable","14":"product-type-simple"},"acf":[],"yoast_head":"<!-- This site is optimized with the Yoast SEO plugin v26.8 - https:\/\/yoast.com\/product\/yoast-seo-wordpress\/ -->\n<title>Azeite - Fidalgas de Santar<\/title>\n<meta name=\"robots\" content=\"index, follow, max-snippet:-1, max-image-preview:large, max-video-preview:-1\" \/>\n<link rel=\"canonical\" href=\"https:\/\/fidalgasdesantar.pt\/en\/product\/azeite\/\" \/>\n<meta property=\"og:locale\" content=\"en_GB\" \/>\n<meta property=\"og:type\" content=\"article\" \/>\n<meta property=\"og:title\" content=\"Azeite - Fidalgas de Santar\" \/>\n<meta property=\"og:description\" content=\"Azeite extra virgem de elevada qualidade, obtido diretamente de azeitonas selecionadas e extra\u00eddo exclusivamente por processos mec\u00e2nicos. Apresenta um perfil equilibrado, com aroma e sabor caracter\u00edsticos, ideal para temperar saladas, finalizar pratos ou utilizar na cozinha mediterr\u00e2nica. Produto 100% natural, podendo apresentar dep\u00f3sito ou ligeira turva\u00e7\u00e3o, caracter\u00edsticas pr\u00f3prias que n\u00e3o comprometem a sua qualidade.\" \/>\n<meta property=\"og:url\" content=\"https:\/\/fidalgasdesantar.pt\/en\/product\/azeite\/\" \/>\n<meta property=\"og:site_name\" content=\"Fidalgas de Santar\" \/>\n<meta property=\"article:modified_time\" content=\"2026-04-09T15:38:26+00:00\" \/>\n<meta property=\"og:image\" content=\"https:\/\/fidalgasdesantar.pt\/wp-content\/uploads\/2025\/12\/Azeite-1.jpg\" \/>\n\t<meta property=\"og:image:width\" content=\"1024\" \/>\n\t<meta property=\"og:image:height\" content=\"1536\" \/>\n\t<meta property=\"og:image:type\" content=\"image\/jpeg\" \/>\n<meta name=\"twitter:card\" content=\"summary_large_image\" \/>\n<meta name=\"twitter:label1\" content=\"Estimated reading time\" \/>\n\t<meta name=\"twitter:data1\" content=\"1 minute\" \/>\n<script type=\"application\/ld+json\" class=\"yoast-schema-graph\">{\"@context\":\"https:\/\/schema.org\",\"@graph\":[{\"@type\":\"WebPage\",\"@id\":\"https:\/\/fidalgasdesantar.pt\/produto\/azeite\/\",\"url\":\"https:\/\/fidalgasdesantar.pt\/produto\/azeite\/\",\"name\":\"Azeite - Fidalgas de Santar\",\"isPartOf\":{\"@id\":\"https:\/\/fidalgasdesantar.pt\/#website\"},\"primaryImageOfPage\":{\"@id\":\"https:\/\/fidalgasdesantar.pt\/produto\/azeite\/#primaryimage\"},\"image\":{\"@id\":\"https:\/\/fidalgasdesantar.pt\/produto\/azeite\/#primaryimage\"},\"thumbnailUrl\":\"https:\/\/fidalgasdesantar.pt\/wp-content\/uploads\/2025\/12\/Azeite-1.jpg\",\"datePublished\":\"2025-12-23T15:57:17+00:00\",\"dateModified\":\"2026-04-09T15:38:26+00:00\",\"breadcrumb\":{\"@id\":\"https:\/\/fidalgasdesantar.pt\/produto\/azeite\/#breadcrumb\"},\"inLanguage\":\"en-GB\",\"potentialAction\":[{\"@type\":\"ReadAction\",\"target\":[\"https:\/\/fidalgasdesantar.pt\/produto\/azeite\/\"]}]},{\"@type\":\"ImageObject\",\"inLanguage\":\"en-GB\",\"@id\":\"https:\/\/fidalgasdesantar.pt\/produto\/azeite\/#primaryimage\",\"url\":\"https:\/\/fidalgasdesantar.pt\/wp-content\/uploads\/2025\/12\/Azeite-1.jpg\",\"contentUrl\":\"https:\/\/fidalgasdesantar.pt\/wp-content\/uploads\/2025\/12\/Azeite-1.jpg\",\"width\":1024,\"height\":1536},{\"@type\":\"BreadcrumbList\",\"@id\":\"https:\/\/fidalgasdesantar.pt\/produto\/azeite\/#breadcrumb\",\"itemListElement\":[{\"@type\":\"ListItem\",\"position\":1,\"name\":\"In\u00edcio\",\"item\":\"https:\/\/fidalgasdesantar.pt\/\"},{\"@type\":\"ListItem\",\"position\":2,\"name\":\"Loja\",\"item\":\"https:\/\/fidalgasdesantar.pt\/loja\/\"},{\"@type\":\"ListItem\",\"position\":3,\"name\":\"Azeite\"}]},{\"@type\":\"WebSite\",\"@id\":\"https:\/\/fidalgasdesantar.pt\/#website\",\"url\":\"https:\/\/fidalgasdesantar.pt\/\",\"name\":\"Fidalgas de Santar\",\"description\":\"Vinho\/Bebidas espirituosas\",\"publisher\":{\"@id\":\"https:\/\/fidalgasdesantar.pt\/#organization\"},\"potentialAction\":[{\"@type\":\"SearchAction\",\"target\":{\"@type\":\"EntryPoint\",\"urlTemplate\":\"https:\/\/fidalgasdesantar.pt\/?s={search_term_string}\"},\"query-input\":{\"@type\":\"PropertyValueSpecification\",\"valueRequired\":true,\"valueName\":\"search_term_string\"}}],\"inLanguage\":\"en-GB\"},{\"@type\":\"Organization\",\"@id\":\"https:\/\/fidalgasdesantar.pt\/#organization\",\"name\":\"Fidalgas de Santar\",\"url\":\"https:\/\/fidalgasdesantar.pt\/\",\"logo\":{\"@type\":\"ImageObject\",\"inLanguage\":\"en-GB\",\"@id\":\"https:\/\/fidalgasdesantar.pt\/#\/schema\/logo\/image\/\",\"url\":\"https:\/\/fidalgasdesantar.pt\/wp-content\/uploads\/2025\/12\/cropped-logo2.jpg\",\"contentUrl\":\"https:\/\/fidalgasdesantar.pt\/wp-content\/uploads\/2025\/12\/cropped-logo2.jpg\",\"width\":789,\"height\":664,\"caption\":\"Fidalgas de Santar\"},\"image\":{\"@id\":\"https:\/\/fidalgasdesantar.pt\/#\/schema\/logo\/image\/\"}}]}<\/script>\n<!-- \/ Yoast SEO plugin. -->","yoast_head_json":{"title":"Azeite - Fidalgas de Santar","robots":{"index":"index","follow":"follow","max-snippet":"max-snippet:-1","max-image-preview":"max-image-preview:large","max-video-preview":"max-video-preview:-1"},"canonical":"https:\/\/fidalgasdesantar.pt\/en\/product\/azeite\/","og_locale":"en_GB","og_type":"article","og_title":"Azeite - Fidalgas de Santar","og_description":"Azeite extra virgem de elevada qualidade, obtido diretamente de azeitonas selecionadas e extra\u00eddo exclusivamente por processos mec\u00e2nicos. Apresenta um perfil equilibrado, com aroma e sabor caracter\u00edsticos, ideal para temperar saladas, finalizar pratos ou utilizar na cozinha mediterr\u00e2nica. Produto 100% natural, podendo apresentar dep\u00f3sito ou ligeira turva\u00e7\u00e3o, caracter\u00edsticas pr\u00f3prias que n\u00e3o comprometem a sua qualidade.","og_url":"https:\/\/fidalgasdesantar.pt\/en\/product\/azeite\/","og_site_name":"Fidalgas de Santar","article_modified_time":"2026-04-09T15:38:26+00:00","og_image":[{"width":1024,"height":1536,"url":"https:\/\/fidalgasdesantar.pt\/wp-content\/uploads\/2025\/12\/Azeite-1.jpg","type":"image\/jpeg"}],"twitter_card":"summary_large_image","twitter_misc":{"Estimated reading time":"1 minute"},"schema":{"@context":"https:\/\/schema.org","@graph":[{"@type":"WebPage","@id":"https:\/\/fidalgasdesantar.pt\/produto\/azeite\/","url":"https:\/\/fidalgasdesantar.pt\/produto\/azeite\/","name":"Azeite - Fidalgas de Santar","isPartOf":{"@id":"https:\/\/fidalgasdesantar.pt\/#website"},"primaryImageOfPage":{"@id":"https:\/\/fidalgasdesantar.pt\/produto\/azeite\/#primaryimage"},"image":{"@id":"https:\/\/fidalgasdesantar.pt\/produto\/azeite\/#primaryimage"},"thumbnailUrl":"https:\/\/fidalgasdesantar.pt\/wp-content\/uploads\/2025\/12\/Azeite-1.jpg","datePublished":"2025-12-23T15:57:17+00:00","dateModified":"2026-04-09T15:38:26+00:00","breadcrumb":{"@id":"https:\/\/fidalgasdesantar.pt\/produto\/azeite\/#breadcrumb"},"inLanguage":"en-GB","potentialAction":[{"@type":"ReadAction","target":["https:\/\/fidalgasdesantar.pt\/produto\/azeite\/"]}]},{"@type":"ImageObject","inLanguage":"en-GB","@id":"https:\/\/fidalgasdesantar.pt\/produto\/azeite\/#primaryimage","url":"https:\/\/fidalgasdesantar.pt\/wp-content\/uploads\/2025\/12\/Azeite-1.jpg","contentUrl":"https:\/\/fidalgasdesantar.pt\/wp-content\/uploads\/2025\/12\/Azeite-1.jpg","width":1024,"height":1536},{"@type":"BreadcrumbList","@id":"https:\/\/fidalgasdesantar.pt\/produto\/azeite\/#breadcrumb","itemListElement":[{"@type":"ListItem","position":1,"name":"In\u00edcio","item":"https:\/\/fidalgasdesantar.pt\/"},{"@type":"ListItem","position":2,"name":"Loja","item":"https:\/\/fidalgasdesantar.pt\/loja\/"},{"@type":"ListItem","position":3,"name":"Azeite"}]},{"@type":"WebSite","@id":"https:\/\/fidalgasdesantar.pt\/#website","url":"https:\/\/fidalgasdesantar.pt\/","name":"Fidalgas de Santar","description":"Vinho\/Bebidas espirituosas","publisher":{"@id":"https:\/\/fidalgasdesantar.pt\/#organization"},"potentialAction":[{"@type":"SearchAction","target":{"@type":"EntryPoint","urlTemplate":"https:\/\/fidalgasdesantar.pt\/?s={search_term_string}"},"query-input":{"@type":"PropertyValueSpecification","valueRequired":true,"valueName":"search_term_string"}}],"inLanguage":"en-GB"},{"@type":"Organization","@id":"https:\/\/fidalgasdesantar.pt\/#organization","name":"Fidalgas de Santar","url":"https:\/\/fidalgasdesantar.pt\/","logo":{"@type":"ImageObject","inLanguage":"en-GB","@id":"https:\/\/fidalgasdesantar.pt\/#\/schema\/logo\/image\/","url":"https:\/\/fidalgasdesantar.pt\/wp-content\/uploads\/2025\/12\/cropped-logo2.jpg","contentUrl":"https:\/\/fidalgasdesantar.pt\/wp-content\/uploads\/2025\/12\/cropped-logo2.jpg","width":789,"height":664,"caption":"Fidalgas de Santar"},"image":{"@id":"https:\/\/fidalgasdesantar.pt\/#\/schema\/logo\/image\/"}}]}},"_links":{"self":[{"href":"https:\/\/fidalgasdesantar.pt\/en\/wp-json\/wp\/v2\/product\/8747","targetHints":{"allow":["GET"]}}],"collection":[{"href":"https:\/\/fidalgasdesantar.pt\/en\/wp-json\/wp\/v2\/product"}],"about":[{"href":"https:\/\/fidalgasdesantar.pt\/en\/wp-json\/wp\/v2\/types\/product"}],"replies":[{"embeddable":true,"href":"https:\/\/fidalgasdesantar.pt\/en\/wp-json\/wp\/v2\/comments?post=8747"}],"wp:featuredmedia":[{"embeddable":true,"href":"https:\/\/fidalgasdesantar.pt\/en\/wp-json\/wp\/v2\/media\/8946"}],"wp:attachment":[{"href":"https:\/\/fidalgasdesantar.pt\/en\/wp-json\/wp\/v2\/media?parent=8747"}],"wp:term":[{"taxonomy":"tax-castas","embeddable":true,"href":"https:\/\/fidalgasdesantar.pt\/en\/wp-json\/wp\/v2\/tax-castas?post=8747"},{"taxonomy":"product_brand","embeddable":true,"href":"https:\/\/fidalgasdesantar.pt\/en\/wp-json\/wp\/v2\/product_brand?post=8747"},{"taxonomy":"product_cat","embeddable":true,"href":"https:\/\/fidalgasdesantar.pt\/en\/wp-json\/wp\/v2\/product_cat?post=8747"},{"taxonomy":"product_tag","embeddable":true,"href":"https:\/\/fidalgasdesantar.pt\/en\/wp-json\/wp\/v2\/product_tag?post=8747"}],"curies":[{"name":"wp","href":"https:\/\/api.w.org\/{rel}","templated":true}]}}