{"id":8752,"date":"2025-12-23T16:01:17","date_gmt":"2025-12-23T16:01:17","guid":{"rendered":"https:\/\/fidalgasdesantar.pt\/?post_type=product&#038;p=8752"},"modified":"2026-04-13T13:38:59","modified_gmt":"2026-04-13T13:38:59","slug":"queijo-0-5kg","status":"publish","type":"product","link":"https:\/\/fidalgasdesantar.pt\/en\/product\/queijo-0-5kg\/","title":{"rendered":"Cheese 0.5 kg"},"content":{"rendered":"<p data-start=\"678\" data-end=\"709\"><strong data-start=\"678\" data-end=\"693\">Alerg\u00e9nios:<\/strong> Cont\u00e9m leite.<\/p>\n<p data-start=\"711\" data-end=\"822\"><strong data-start=\"711\" data-end=\"720\">Peso:<\/strong> 0.5g<br data-start=\"749\" data-end=\"752\" \/><strong data-start=\"752\" data-end=\"763\">Origem:<\/strong> Leite de origem UE<br data-start=\"782\" data-end=\"785\" \/><strong data-start=\"785\" data-end=\"808\">Comercializado por:<\/strong> VINASSANTAR<\/p>\n<hr data-start=\"824\" data-end=\"827\" \/>\n<h3 data-section-id=\"1clm5i1\" data-start=\"829\" data-end=\"873\"><span role=\"text\"><strong data-start=\"833\" data-end=\"871\">Declara\u00e7\u00e3o Nutricional (por 100 g)<\/strong><\/span><\/h3>\n<p data-start=\"874\" data-end=\"927\"><strong data-start=\"874\" data-end=\"886\">Energia:<\/strong> 1604 kJ \/ 387 kcal<br data-start=\"905\" data-end=\"908\" \/><strong data-start=\"908\" data-end=\"920\">L\u00edpidos:<\/strong> 32 g<\/p>\n<ul data-start=\"928\" data-end=\"957\">\n<li data-section-id=\"lhmmy0\" data-start=\"928\" data-end=\"957\">dos quais saturados: 20 g<\/li>\n<\/ul>\n<p data-start=\"959\" data-end=\"991\"><strong data-start=\"959\" data-end=\"983\">Hidratos de carbono:<\/strong> 2,5 g<\/p>\n<ul data-start=\"992\" data-end=\"1019\">\n<li data-section-id=\"1vjgjyw\" data-start=\"992\" data-end=\"1019\">dos quais a\u00e7\u00facares: 0 g<\/li>\n<\/ul>\n<p data-start=\"1021\" data-end=\"1059\"><strong data-start=\"1021\" data-end=\"1035\">Prote\u00ednas:<\/strong> 20 g<br data-start=\"1040\" data-end=\"1043\" \/><strong data-start=\"1043\" data-end=\"1051\">Sal:<\/strong> 1,8 g<\/p>\n<hr data-start=\"1061\" data-end=\"1064\" \/>\n<h3 data-section-id=\"13hu5r0\" data-start=\"1066\" data-end=\"1087\"><span role=\"text\"><strong data-start=\"1070\" data-end=\"1085\">Conserva\u00e7\u00e3o<\/strong><\/span><\/h3>\n<p data-start=\"1088\" data-end=\"1129\">Conservar a temperatura inferior a 10 \u00baC.<\/p>\n<hr data-start=\"1131\" data-end=\"1134\" \/>\n<h3 data-section-id=\"5dh2rg\" data-start=\"1136\" data-end=\"1157\"><span role=\"text\"><strong data-start=\"1140\" data-end=\"1155\">Observa\u00e7\u00f5es<\/strong><\/span><\/h3>\n<p data-start=\"1158\" data-end=\"1218\">Consumir de prefer\u00eancia antes da data indicada na embalagem.<\/p>","protected":false},"excerpt":{"rendered":"<p data-start=\"239\" data-end=\"475\">Queijo de ovelha curado de textura amanteigada, produzido de forma tradicional a partir de leite de ovelha. Apresenta um sabor intenso e caracter\u00edstico, com uma consist\u00eancia cremosa que o torna ideal para barrar ou degustar simples.<\/p>\n<p data-start=\"477\" data-end=\"607\">Um produto aut\u00eantico que reflete o saber artesanal portugu\u00eas, perfeito para momentos de partilha ou para compor t\u00e1buas de queijos.<\/p>\n<p data-start=\"609\" data-end=\"676\"><strong data-start=\"609\" data-end=\"626\">Ingredientes:<\/strong> Leite de ovelha (origem: UE), sal e coalho.<\/p>","protected":false},"featured_media":8952,"comment_status":"open","ping_status":"closed","template":"","meta":{"_acf_changed":false},"tax-castas":[],"product_brand":[],"product_cat":[148],"product_tag":[],"class_list":{"0":"post-8752","1":"product","2":"type-product","3":"status-publish","4":"has-post-thumbnail","6":"product_cat-queijos","8":"first","9":"instock","10":"featured","11":"taxable","12":"shipping-taxable","13":"purchasable","14":"product-type-simple"},"acf":[],"yoast_head":"<!-- This site is optimized with the Yoast SEO plugin v26.8 - https:\/\/yoast.com\/product\/yoast-seo-wordpress\/ -->\n<title>Queijo 0.5Kg - Fidalgas de Santar<\/title>\n<meta name=\"robots\" content=\"index, follow, max-snippet:-1, max-image-preview:large, max-video-preview:-1\" \/>\n<link rel=\"canonical\" href=\"https:\/\/fidalgasdesantar.pt\/en\/product\/queijo-0-5kg\/\" \/>\n<meta property=\"og:locale\" content=\"en_GB\" \/>\n<meta property=\"og:type\" content=\"article\" \/>\n<meta property=\"og:title\" content=\"Queijo 0.5Kg - Fidalgas de Santar\" \/>\n<meta property=\"og:description\" content=\"Queijo de ovelha curado de textura amanteigada, produzido de forma tradicional a partir de leite de ovelha. Apresenta um sabor intenso e caracter\u00edstico, com uma consist\u00eancia cremosa que o torna ideal para barrar ou degustar simples. Um produto aut\u00eantico que reflete o saber artesanal portugu\u00eas, perfeito para momentos de partilha ou para compor t\u00e1buas de queijos. Ingredientes: Leite de ovelha (origem: UE), sal e coalho.\" \/>\n<meta property=\"og:url\" content=\"https:\/\/fidalgasdesantar.pt\/en\/product\/queijo-0-5kg\/\" \/>\n<meta property=\"og:site_name\" content=\"Fidalgas de Santar\" \/>\n<meta property=\"article:modified_time\" content=\"2026-04-13T13:38:59+00:00\" \/>\n<meta property=\"og:image\" content=\"https:\/\/fidalgasdesantar.pt\/wp-content\/uploads\/2025\/12\/Queijo.png\" \/>\n\t<meta property=\"og:image:width\" content=\"1536\" \/>\n\t<meta property=\"og:image:height\" content=\"1024\" \/>\n\t<meta property=\"og:image:type\" content=\"image\/png\" \/>\n<meta name=\"twitter:card\" content=\"summary_large_image\" \/>\n<meta name=\"twitter:label1\" content=\"Estimated reading time\" \/>\n\t<meta name=\"twitter:data1\" content=\"1 minute\" \/>\n<script type=\"application\/ld+json\" class=\"yoast-schema-graph\">{\"@context\":\"https:\/\/schema.org\",\"@graph\":[{\"@type\":\"WebPage\",\"@id\":\"https:\/\/fidalgasdesantar.pt\/produto\/queijo-0-5kg\/\",\"url\":\"https:\/\/fidalgasdesantar.pt\/produto\/queijo-0-5kg\/\",\"name\":\"Queijo 0.5Kg - Fidalgas de Santar\",\"isPartOf\":{\"@id\":\"https:\/\/fidalgasdesantar.pt\/#website\"},\"primaryImageOfPage\":{\"@id\":\"https:\/\/fidalgasdesantar.pt\/produto\/queijo-0-5kg\/#primaryimage\"},\"image\":{\"@id\":\"https:\/\/fidalgasdesantar.pt\/produto\/queijo-0-5kg\/#primaryimage\"},\"thumbnailUrl\":\"https:\/\/fidalgasdesantar.pt\/wp-content\/uploads\/2025\/12\/Queijo.png\",\"datePublished\":\"2025-12-23T16:01:17+00:00\",\"dateModified\":\"2026-04-13T13:38:59+00:00\",\"breadcrumb\":{\"@id\":\"https:\/\/fidalgasdesantar.pt\/produto\/queijo-0-5kg\/#breadcrumb\"},\"inLanguage\":\"en-GB\",\"potentialAction\":[{\"@type\":\"ReadAction\",\"target\":[\"https:\/\/fidalgasdesantar.pt\/produto\/queijo-0-5kg\/\"]}]},{\"@type\":\"ImageObject\",\"inLanguage\":\"en-GB\",\"@id\":\"https:\/\/fidalgasdesantar.pt\/produto\/queijo-0-5kg\/#primaryimage\",\"url\":\"https:\/\/fidalgasdesantar.pt\/wp-content\/uploads\/2025\/12\/Queijo.png\",\"contentUrl\":\"https:\/\/fidalgasdesantar.pt\/wp-content\/uploads\/2025\/12\/Queijo.png\",\"width\":1536,\"height\":1024},{\"@type\":\"BreadcrumbList\",\"@id\":\"https:\/\/fidalgasdesantar.pt\/produto\/queijo-0-5kg\/#breadcrumb\",\"itemListElement\":[{\"@type\":\"ListItem\",\"position\":1,\"name\":\"In\u00edcio\",\"item\":\"https:\/\/fidalgasdesantar.pt\/\"},{\"@type\":\"ListItem\",\"position\":2,\"name\":\"Loja\",\"item\":\"https:\/\/fidalgasdesantar.pt\/loja\/\"},{\"@type\":\"ListItem\",\"position\":3,\"name\":\"Queijo 0.5Kg\"}]},{\"@type\":\"WebSite\",\"@id\":\"https:\/\/fidalgasdesantar.pt\/#website\",\"url\":\"https:\/\/fidalgasdesantar.pt\/\",\"name\":\"Fidalgas de Santar\",\"description\":\"Vinho\/Bebidas espirituosas\",\"publisher\":{\"@id\":\"https:\/\/fidalgasdesantar.pt\/#organization\"},\"potentialAction\":[{\"@type\":\"SearchAction\",\"target\":{\"@type\":\"EntryPoint\",\"urlTemplate\":\"https:\/\/fidalgasdesantar.pt\/?s={search_term_string}\"},\"query-input\":{\"@type\":\"PropertyValueSpecification\",\"valueRequired\":true,\"valueName\":\"search_term_string\"}}],\"inLanguage\":\"en-GB\"},{\"@type\":\"Organization\",\"@id\":\"https:\/\/fidalgasdesantar.pt\/#organization\",\"name\":\"Fidalgas de Santar\",\"url\":\"https:\/\/fidalgasdesantar.pt\/\",\"logo\":{\"@type\":\"ImageObject\",\"inLanguage\":\"en-GB\",\"@id\":\"https:\/\/fidalgasdesantar.pt\/#\/schema\/logo\/image\/\",\"url\":\"https:\/\/fidalgasdesantar.pt\/wp-content\/uploads\/2025\/12\/cropped-logo2.jpg\",\"contentUrl\":\"https:\/\/fidalgasdesantar.pt\/wp-content\/uploads\/2025\/12\/cropped-logo2.jpg\",\"width\":789,\"height\":664,\"caption\":\"Fidalgas de Santar\"},\"image\":{\"@id\":\"https:\/\/fidalgasdesantar.pt\/#\/schema\/logo\/image\/\"}}]}<\/script>\n<!-- \/ Yoast SEO plugin. -->","yoast_head_json":{"title":"Queijo 0.5Kg - Fidalgas de Santar","robots":{"index":"index","follow":"follow","max-snippet":"max-snippet:-1","max-image-preview":"max-image-preview:large","max-video-preview":"max-video-preview:-1"},"canonical":"https:\/\/fidalgasdesantar.pt\/en\/product\/queijo-0-5kg\/","og_locale":"en_GB","og_type":"article","og_title":"Queijo 0.5Kg - Fidalgas de Santar","og_description":"Queijo de ovelha curado de textura amanteigada, produzido de forma tradicional a partir de leite de ovelha. Apresenta um sabor intenso e caracter\u00edstico, com uma consist\u00eancia cremosa que o torna ideal para barrar ou degustar simples. Um produto aut\u00eantico que reflete o saber artesanal portugu\u00eas, perfeito para momentos de partilha ou para compor t\u00e1buas de queijos. Ingredientes: Leite de ovelha (origem: UE), sal e coalho.","og_url":"https:\/\/fidalgasdesantar.pt\/en\/product\/queijo-0-5kg\/","og_site_name":"Fidalgas de Santar","article_modified_time":"2026-04-13T13:38:59+00:00","og_image":[{"width":1536,"height":1024,"url":"https:\/\/fidalgasdesantar.pt\/wp-content\/uploads\/2025\/12\/Queijo.png","type":"image\/png"}],"twitter_card":"summary_large_image","twitter_misc":{"Estimated reading time":"1 minute"},"schema":{"@context":"https:\/\/schema.org","@graph":[{"@type":"WebPage","@id":"https:\/\/fidalgasdesantar.pt\/produto\/queijo-0-5kg\/","url":"https:\/\/fidalgasdesantar.pt\/produto\/queijo-0-5kg\/","name":"Queijo 0.5Kg - Fidalgas de Santar","isPartOf":{"@id":"https:\/\/fidalgasdesantar.pt\/#website"},"primaryImageOfPage":{"@id":"https:\/\/fidalgasdesantar.pt\/produto\/queijo-0-5kg\/#primaryimage"},"image":{"@id":"https:\/\/fidalgasdesantar.pt\/produto\/queijo-0-5kg\/#primaryimage"},"thumbnailUrl":"https:\/\/fidalgasdesantar.pt\/wp-content\/uploads\/2025\/12\/Queijo.png","datePublished":"2025-12-23T16:01:17+00:00","dateModified":"2026-04-13T13:38:59+00:00","breadcrumb":{"@id":"https:\/\/fidalgasdesantar.pt\/produto\/queijo-0-5kg\/#breadcrumb"},"inLanguage":"en-GB","potentialAction":[{"@type":"ReadAction","target":["https:\/\/fidalgasdesantar.pt\/produto\/queijo-0-5kg\/"]}]},{"@type":"ImageObject","inLanguage":"en-GB","@id":"https:\/\/fidalgasdesantar.pt\/produto\/queijo-0-5kg\/#primaryimage","url":"https:\/\/fidalgasdesantar.pt\/wp-content\/uploads\/2025\/12\/Queijo.png","contentUrl":"https:\/\/fidalgasdesantar.pt\/wp-content\/uploads\/2025\/12\/Queijo.png","width":1536,"height":1024},{"@type":"BreadcrumbList","@id":"https:\/\/fidalgasdesantar.pt\/produto\/queijo-0-5kg\/#breadcrumb","itemListElement":[{"@type":"ListItem","position":1,"name":"In\u00edcio","item":"https:\/\/fidalgasdesantar.pt\/"},{"@type":"ListItem","position":2,"name":"Loja","item":"https:\/\/fidalgasdesantar.pt\/loja\/"},{"@type":"ListItem","position":3,"name":"Queijo 0.5Kg"}]},{"@type":"WebSite","@id":"https:\/\/fidalgasdesantar.pt\/#website","url":"https:\/\/fidalgasdesantar.pt\/","name":"Fidalgas de Santar","description":"Vinho\/Bebidas espirituosas","publisher":{"@id":"https:\/\/fidalgasdesantar.pt\/#organization"},"potentialAction":[{"@type":"SearchAction","target":{"@type":"EntryPoint","urlTemplate":"https:\/\/fidalgasdesantar.pt\/?s={search_term_string}"},"query-input":{"@type":"PropertyValueSpecification","valueRequired":true,"valueName":"search_term_string"}}],"inLanguage":"en-GB"},{"@type":"Organization","@id":"https:\/\/fidalgasdesantar.pt\/#organization","name":"Fidalgas de Santar","url":"https:\/\/fidalgasdesantar.pt\/","logo":{"@type":"ImageObject","inLanguage":"en-GB","@id":"https:\/\/fidalgasdesantar.pt\/#\/schema\/logo\/image\/","url":"https:\/\/fidalgasdesantar.pt\/wp-content\/uploads\/2025\/12\/cropped-logo2.jpg","contentUrl":"https:\/\/fidalgasdesantar.pt\/wp-content\/uploads\/2025\/12\/cropped-logo2.jpg","width":789,"height":664,"caption":"Fidalgas de Santar"},"image":{"@id":"https:\/\/fidalgasdesantar.pt\/#\/schema\/logo\/image\/"}}]}},"_links":{"self":[{"href":"https:\/\/fidalgasdesantar.pt\/en\/wp-json\/wp\/v2\/product\/8752","targetHints":{"allow":["GET"]}}],"collection":[{"href":"https:\/\/fidalgasdesantar.pt\/en\/wp-json\/wp\/v2\/product"}],"about":[{"href":"https:\/\/fidalgasdesantar.pt\/en\/wp-json\/wp\/v2\/types\/product"}],"replies":[{"embeddable":true,"href":"https:\/\/fidalgasdesantar.pt\/en\/wp-json\/wp\/v2\/comments?post=8752"}],"wp:featuredmedia":[{"embeddable":true,"href":"https:\/\/fidalgasdesantar.pt\/en\/wp-json\/wp\/v2\/media\/8952"}],"wp:attachment":[{"href":"https:\/\/fidalgasdesantar.pt\/en\/wp-json\/wp\/v2\/media?parent=8752"}],"wp:term":[{"taxonomy":"tax-castas","embeddable":true,"href":"https:\/\/fidalgasdesantar.pt\/en\/wp-json\/wp\/v2\/tax-castas?post=8752"},{"taxonomy":"product_brand","embeddable":true,"href":"https:\/\/fidalgasdesantar.pt\/en\/wp-json\/wp\/v2\/product_brand?post=8752"},{"taxonomy":"product_cat","embeddable":true,"href":"https:\/\/fidalgasdesantar.pt\/en\/wp-json\/wp\/v2\/product_cat?post=8752"},{"taxonomy":"product_tag","embeddable":true,"href":"https:\/\/fidalgasdesantar.pt\/en\/wp-json\/wp\/v2\/product_tag?post=8752"}],"curies":[{"name":"wp","href":"https:\/\/api.w.org\/{rel}","templated":true}]}}